{"id":804,"date":"2019-08-12T08:46:52","date_gmt":"2019-08-12T08:46:52","guid":{"rendered":"http:\/\/localhost\/deltpapir\/webfiles\/?page_id=804"},"modified":"2020-06-17T13:51:30","modified_gmt":"2020-06-17T13:51:30","slug":"uvjeti-koristenja","status":"publish","type":"page","link":"https:\/\/deltpapir.com\/hr\/uvjeti-koristenja\/","title":{"rendered":"Uvjeti kori\u0161tenja"},"content":{"rendered":"<h4>Dobro do\u0161li na na\u0161u web stranicu.<\/h4>\n<p>Ako nastavite pregledavati i upotrebljavati ovu web stranicu, suglasni ste da \u0107ete se pridr\u017eavati sljede\u0107ih uvjeta kori\u0161tenja, koji uz na\u0161a pravila o privatnosti ure\u0111uju odnos DELT Papira d.o.o. s korisnicima web stranice.\u00a0Ako se ne sla\u017eete s bilo kojim dijelom ovih uvjeta, nemojte koristiti na\u0161u web stranicu.<\/p>\n<p><strong>Upotreba ove web stranice podlije\u017ee sljede\u0107im op\u0107im uvjetima kori\u0161tenja:<\/strong><\/p>\n<ul>\n<li>Sadr\u017eaj ove web stranice namijenjen je informiranju korisnika o kompaniji.<\/li>\n<li>Podlo\u017ena je promjenama bez prethodne najave.<\/li>\n<li>Ova web stranica koristi kola\u010di\u0107e za pra\u0107enje postavki pregledavanja.\u00a0Ako dopustite upotrebu kola\u010di\u0107a, pristajete na pohranu dostupnih osobnih podataka.\u00a0Pogledajte na\u0161u Za\u0161titu privatnosti.<\/li>\n<li>Upotreba podataka na ovoj web stranici je besplatna sve dok ih ne kopirate, ne distribuirate ili na drugi na\u010din upotrebljavate ili zloupotrebljavate.<\/li>\n<li>Ova web stranica sadr\u017ei materijal koji je u na\u0161em vlasni\u0161tvu ili je licenciran.\u00a0Ovaj materijal uklju\u010duje, ali nije ograni\u010den na dizajn, raspored, izgled, vizuale i grafiku.\u00a0Zabranjeno je umno\u017eavanje osim u skladu s obavijestima o autorskim pravima, \u0161to je dio ovih uvjeta.<\/li>\n<li>Ne jam\u010dimo da \u0107e funkcije na ovoj web stranici biti neprekinute ili bez gre\u0161aka te da \u0107e web stranica ili poslu\u017eitelj koji ga stavlja na raspolaganje u potpunosti biti za\u0161ti\u0107eni od virusa i pogre\u0161aka.<\/li>\n<li>Svi za\u0161titni znakovi reproducirani na ovoj web stranici, koji nisu u vlasni\u0161tvu ili pod licencom operatera, ovla\u0161teno se koriste.<\/li>\n<li>U slu\u010daju neovla\u0161tene uporabe ove web stranice mo\u017ee se pokrenuti zahtjev za naknadu \u0161tete i\/ili optu\u017eba za kazneno djelo.<\/li>\n<li>Ova web stranica povremeno mo\u017ee sadr\u017eavati veze do drugih web mjesta.\u00a0Navedene veze na web stranici nalaze se radi lak\u0161eg pru\u017eanja dodatnih informacija, \u0161to nu\u017eno ne zna\u010di da podr\u017eavamo povezanu web lokaciju.\u00a0Ne odgovaramo za sadr\u017eaj povezanih web lokacija.<\/li>\n<\/ul>\n","protected":false},"excerpt":{"rendered":"<p>Dobro do\u0161li na na\u0161u web stranicu. Ako nastavite pregledavati i upotrebljavati ovu web stranicu, suglasni ste da \u0107ete se pridr\u017eavati sljede\u0107ih uvjeta kori\u0161tenja, koji uz na\u0161a pravila o privatnosti ure\u0111uju odnos DELT Papira d.o.o. s korisnicima web stranice.\u00a0Ako se ne sla\u017eete s bilo kojim dijelom ovih uvjeta, nemojte koristiti na\u0161u web stranicu. Upotreba ove web [&#8230;]<\/p>\n<p><a class=\"btn btn-secondary understrap-read-more-link\" href=\"https:\/\/deltpapir.com\/hr\/uvjeti-koristenja\/\">Read More&#8230;<span class=\"screen-reader-text\"> from Uvjeti kori\u0161tenja<\/span><\/a><\/p>\n","protected":false},"author":1,"featured_media":0,"parent":0,"menu_order":0,"comment_status":"closed","ping_status":"closed","template":"page-general.php","meta":{"_acf_changed":false,"footnotes":""},"class_list":["post-804","page","type-page","status-publish","hentry"],"acf":[],"aioseo_notices":[],"_links":{"self":[{"href":"https:\/\/deltpapir.com\/hr\/wp-json\/wp\/v2\/pages\/804","targetHints":{"allow":["GET"]}}],"collection":[{"href":"https:\/\/deltpapir.com\/hr\/wp-json\/wp\/v2\/pages"}],"about":[{"href":"https:\/\/deltpapir.com\/hr\/wp-json\/wp\/v2\/types\/page"}],"author":[{"embeddable":true,"href":"https:\/\/deltpapir.com\/hr\/wp-json\/wp\/v2\/users\/1"}],"replies":[{"embeddable":true,"href":"https:\/\/deltpapir.com\/hr\/wp-json\/wp\/v2\/comments?post=804"}],"version-history":[{"count":5,"href":"https:\/\/deltpapir.com\/hr\/wp-json\/wp\/v2\/pages\/804\/revisions"}],"predecessor-version":[{"id":1064,"href":"https:\/\/deltpapir.com\/hr\/wp-json\/wp\/v2\/pages\/804\/revisions\/1064"}],"wp:attachment":[{"href":"https:\/\/deltpapir.com\/hr\/wp-json\/wp\/v2\/media?parent=804"}],"curies":[{"name":"wp","href":"https:\/\/api.w.org\/{rel}","templated":true}]}}