{"id":810,"date":"2019-08-05T11:45:26","date_gmt":"2019-08-05T11:45:26","guid":{"rendered":"http:\/\/localhost\/deltpapir\/webfiles\/?page_id=810"},"modified":"2020-10-08T08:45:46","modified_gmt":"2020-10-08T08:45:46","slug":"zastita-privatnosti-korisnika","status":"publish","type":"page","link":"https:\/\/deltpapir.com\/hr\/zastita-privatnosti-korisnika\/","title":{"rendered":"Za\u0161tita privatnosti korisnika"},"content":{"rendered":"\r\n<h2 class=\"wp-block-heading\">Pravila o privatnosti<\/h2>\r\n<h2>Pravila o privatnosti na ovoj web stranici omogu\u0107avaju tvrtki DELT Papir d.o.o. upravljanje dostupnim osobnim podacima koje prikupljamo prilikom va\u0161eg kori\u0161tenja na\u0161om web stranicom ili prilikom va\u0161eg upita putem kontakt forme za informacije o proizvodu i usluzi.<\/h2>\r\n<h3>Podaci koje prikupljamo<\/h3>\r\n<p><span lang=\"HR\">Mo\u017eemo zatra\u017eiti i zadr\u017eati sljede\u0107e podatke:<\/span><\/p>\r\n<ul>\r\n<li>Podaci o identitetu: uklju\u010duju va\u0161e ime, prezime, zvanje, spol, zanimanje<\/li>\r\n<li>Podaci za kontaktiranje: uklju\u010duju\u0107i ime va\u0161e tvrtke, poslovnu adresu, adresu za naplatu, adresu za dostavu, telefonske brojeve, brojeve faksa, adresu e-po\u0161te<\/li>\r\n<li>Marketin\u0161ki podaci: uklju\u010duju\u0107i preferirani na\u010din primanja obavijesti poput a\u017euriranja podataka, vijesti, proizvoda i usluga<\/li>\r\n<li>Cookies<\/li>\r\n<li>IP adresa<\/li>\r\n<li>Podaci o upotrebi web lokacije<\/li>\r\n<\/ul>\r\n<p><span lang=\"HR\">Podatke je mogu\u0107e prikupljati prilikom kori\u0161tenja web stranice. Tako\u0111er, automatski primamo i bilje\u017eimo podatke u zapisnike na\u0161ih poslu\u017eitelja te u svrhu kori\u0161tenja usluga poput Google Analytics.<\/span><\/p>\r\n<h3><span lang=\"HR\">Kako koristimo podatke<\/span><\/h3>\r\n<p><span lang=\"HR\">Gore navedene podatke pohranjujemo u na\u0161u marketin\u0161ku bazu podataka\/e-mail marketing bazu podataka u na\u0161em sjedi\u0161tu\/iContact-u.\u00a0Va\u0161e \u0107emo podatke koristiti uz va\u0161 pristanak i iz sljede\u0107ih razloga:<\/span><\/p>\r\n<ul>\r\n<li>zbog slanja a\u017euriranih vijesti pretplatnicima<\/li>\r\n<li>kako bismo vas kontaktirali oko budu\u0107ih ili teku\u0107ih projekata<\/li>\r\n<li>zbog internog vo\u0111enja evidencije<\/li>\r\n<\/ul>\r\n<p><span lang=\"HR\">Va\u0161e osobne podatke koristimo samo uz va\u0161e dopu\u0161tenje.\u00a0Na\u010din na koji koristimo va\u0161e podatke prethodno je jasno definiran.<\/span> <span lang=\"HR\">Nikada nismo i ne\u0107emo prodati ili iznajmiti va\u0161e osobne podatke tre\u0107oj strani.<\/span> <span lang=\"HR\">Va\u0161e podatke ustupit \u0107emo na kori\u0161tenje tre\u0107im stranama isklju\u010divo:<\/span><\/p>\r\n<ul>\r\n<li>kad imamo va\u0161 pristanak za razmjenu informacija, na primjer, kad radimo s pouzdanim suradnicima na va\u0161em projektu.<\/li>\r\n<li>kad trebamo dijeliti va\u0161e podatke kako bismo pru\u017eili proizvod ili uslugu koju ste zatra\u017eili, primjerice, za isporuku robe ili razvoj proizvoda va\u0161e robne marke.<\/li>\r\n<li>kad odgovaramo na sudske naloge ili pravne postupke.<\/li>\r\n<li>kad otkrivamo kako va\u0161i postupci na na\u0161oj web stranici ili bilo koja druga neprikladna komunikacija kr\u0161i na\u0161e Uvjete i odredbe ili bilo koju na\u0161u smjernicu za upotrebu za odre\u0111ene proizvode usluga.\u00a0Na primjer, kada trebamo proslijediti va\u0161e podatke na\u0161em odvjetniku.<\/li>\r\n<\/ul>\r\n<h3>Uklanjanje va\u0161ih podataka iz na\u0161e evidencije<\/h3>\r\n<p><span lang=\"HR\">Nikada ne\u0107emo koristiti va\u0161e osobne podatke bez va\u0161eg dopu\u0161tenja, a vi uvijek mo\u017eete kontrolirati na\u010din na koji ih na\u010din koristimo.<\/span><\/p>\r\n<ul>\r\n<li>Uvijek \u0107emo tra\u017eiti va\u0161e dopu\u0161tenje da se pridru\u017eite na\u0161im e-vijestima, primjerice kada koristite kontakt obrazac.<\/li>\r\n<li>U na\u0161im \u0107e se e-vijestima uvijek nalaziti pretplatni\u010dka veza klikom na koju \u0107ete se odmah odjaviti od daljnje komunikacije.\u00a0Va\u0161i se podaci i dalje pohranjuju (ali se ne koriste) u na\u0161oj bazi podataka e-po\u0161te kako bismo osigurali da vam ubudu\u0107e ne \u0161aljemo e-po\u0161tu.<\/li>\r\n<li>Ako ste se prije slo\u017eili s nama da va\u0161e osobne podatke koristimo u marketin\u0161ke svrhe, mo\u017eete nas kontaktirati kako bismo to promijenili.\u00a0Po\u0161aljite nam e-po\u0161tu na\u00a0<a href=\"&#x6d;&#x61;&#105;&#108;t&#x6f;&#x3a;&#x69;&#110;&#102;o&#x40;&#x64;&#x65;&#108;&#116;p&#x61;&#x70;&#x69;&#114;&#46;c&#x6f;&#x6d;\">&#x69;&#x6e;&#x66;&#x6f;&#64;&#100;&#101;lt&#x70;&#x61;&#x70;&#x69;&#x72;&#46;&#99;&#111;m<\/a>\u00a0i zatra\u017eite\u00a0uklanjanje\u00a0va\u0161ih podataka iz na\u0161ih baza podataka.<\/li>\r\n<li>Ako \u017eelite izbrisati svoj ra\u010dun kod nas, molimo kontaktirajte nas na\u00a0<a href=\"m&#97;&#x69;&#x6c;t&#111;&#x3a;&#x69;n&#102;&#111;&#x40;&#x64;e&#108;&#x74;&#x70;a&#112;&#x69;&#x72;&#46;&#99;&#111;&#x6d;\">in&#102;&#111;&#64;&#x64;&#x65;&#x6c;&#x74;pa&#112;&#105;&#114;&#x2e;&#x63;&#x6f;&#x6d;<\/a><\/li>\r\n<\/ul>\r\n<p><span lang=\"HR\">Ako imate bilo kakvih pitanja u vezi s va\u0161im podacima, po\u0161aljite nam ih na\u00a0<\/span><span lang=\"HR\"><a href=\"&#109;&#x61;&#105;&#x6c;t&#x6f;:&#105;&#x6e;&#102;&#x6f;&#64;&#x64;e&#x6c;t&#112;&#x61;&#112;&#x69;r&#x2e;c&#x6f;&#x6d;\">&#x69;n&#x66;o&#x40;&#100;&#x65;&#108;t&#x70;a&#x70;&#105;&#x72;&#46;&#x63;&#111;m<\/a><\/span><span lang=\"HR\">.<\/span><\/p>\r\n<h3><span lang=\"HR\">Sigurnost<\/span><\/h3>\r\n<p><span lang=\"HR\">Svi se osobni podaci koje koristimo kontrolirano kriptiraju i pohranjuju na siguran na\u010din kako bi se sprije\u010dio neovla\u0161teni pristup.<span class=\"apple-converted-space\">\u00a0<\/span><\/span><\/p>\r\n<h3><span lang=\"HR\">Cookies<\/span><\/h3>\r\n<p><span lang=\"HR\">Na va\u0161e ra\u010dunalo mo\u017eemo postaviti i pristupiti cookiesima te pomo\u0107u njih mo\u017eemo prikupiti podatke o va\u0161oj op\u0107oj internetskoj uporabi.\u00a0Ti se cookiesi preuzimaju na va\u0161e ra\u010dunalo i pohranjuju na tvrdi disk ra\u010dunala.\u00a0Ovi podaci ne identificiraju nikakve osobne podatke o vama.<\/span> <span lang=\"HR\">Mo\u017eete prilagoditi postavke na va\u0161em ra\u010dunalu da odbijete cookiese ako \u017eelite.\u00a0To se mo\u017ee u\u010diniti aktiviranjem postavke &#8216;odbaci cookiese&#8217; na va\u0161em ra\u010dunalu.<\/span><\/p>\r\n<h3><span lang=\"HR\">Izmjene i dopune<\/span><\/h3>\r\n<p><span lang=\"HR\">Ova pravila o privatnosti podlo\u017ena su povremenim izmjenama.\u00a0Zadnje a\u017euriranje obavljeno je u kolovozu 2019. godine.<\/span><\/p>\r\n","protected":false},"excerpt":{"rendered":"<p>Pravila o privatnosti Pravila o privatnosti na ovoj web stranici omogu\u0107avaju tvrtki DELT Papir d.o.o. upravljanje dostupnim osobnim podacima koje prikupljamo prilikom va\u0161eg kori\u0161tenja na\u0161om web stranicom ili prilikom va\u0161eg upita putem kontakt forme za informacije o proizvodu i usluzi. Podaci koje prikupljamo Mo\u017eemo zatra\u017eiti i zadr\u017eati sljede\u0107e podatke: Podaci o identitetu: uklju\u010duju va\u0161e ime, [&#8230;]<\/p>\n<p><a class=\"btn btn-secondary understrap-read-more-link\" href=\"https:\/\/deltpapir.com\/hr\/zastita-privatnosti-korisnika\/\">Read More&#8230;<span class=\"screen-reader-text\"> from Za\u0161tita privatnosti korisnika<\/span><\/a><\/p>\n","protected":false},"author":1,"featured_media":0,"parent":0,"menu_order":0,"comment_status":"closed","ping_status":"closed","template":"page-general.php","meta":{"_acf_changed":false,"footnotes":""},"class_list":["post-810","page","type-page","status-publish","hentry"],"acf":[],"aioseo_notices":[],"_links":{"self":[{"href":"https:\/\/deltpapir.com\/hr\/wp-json\/wp\/v2\/pages\/810","targetHints":{"allow":["GET"]}}],"collection":[{"href":"https:\/\/deltpapir.com\/hr\/wp-json\/wp\/v2\/pages"}],"about":[{"href":"https:\/\/deltpapir.com\/hr\/wp-json\/wp\/v2\/types\/page"}],"author":[{"embeddable":true,"href":"https:\/\/deltpapir.com\/hr\/wp-json\/wp\/v2\/users\/1"}],"replies":[{"embeddable":true,"href":"https:\/\/deltpapir.com\/hr\/wp-json\/wp\/v2\/comments?post=810"}],"version-history":[{"count":3,"href":"https:\/\/deltpapir.com\/hr\/wp-json\/wp\/v2\/pages\/810\/revisions"}],"predecessor-version":[{"id":1216,"href":"https:\/\/deltpapir.com\/hr\/wp-json\/wp\/v2\/pages\/810\/revisions\/1216"}],"wp:attachment":[{"href":"https:\/\/deltpapir.com\/hr\/wp-json\/wp\/v2\/media?parent=810"}],"curies":[{"name":"wp","href":"https:\/\/api.w.org\/{rel}","templated":true}]}}