{"id":884,"date":"2019-08-12T09:25:36","date_gmt":"2019-08-12T09:25:36","guid":{"rendered":"http:\/\/localhost\/deltpapir\/webfiles\/careers\/"},"modified":"2020-06-17T13:44:47","modified_gmt":"2020-06-17T13:44:47","slug":"posao","status":"publish","type":"page","link":"https:\/\/deltpapir.com\/hr\/posao\/","title":{"rendered":"Posao u DELT Papiru"},"content":{"rendered":"<h2>Rad s nama<\/h2>\n<p>DELT Papir dinami\u010dna je i brzorastu\u0107a tvrtka koja aktivno poti\u010de sve \u010dlanove tima da doprinesu rastu poslovanja na me\u0111unarodnoj razini. Uz to, nudimo cjelovita rje\u0161enja na\u0161im kupcima, stvaramo inovativne proizvode papirne konfekcije i asortimana higijenskih proizvoda kako bismo zadovoljili njihove trenutne i budu\u0107e potrebe.<\/p>\n<p>Uvijek smo u potrazi za talentiranim i motiviranim pojedincima sa \u0161irokim rasponom stru\u010dnosti koji bi nam se pridru\u017eili, uklju\u010duju\u0107i: korisni\u010dku slu\u017ebu, administrativne pozicije, prodaju (nacionalnu i me\u0111unarodnu), marketing, razvoj proizvoda, rad na proizvodnim linijama, skladi\u0161tenje i mnoge druge.<\/p>\n<p>Redovno \u0107e se objavljivati trenutna slobodna radna mjesta\u00a0 pa vas molimo da nastavite provjeravati ili nas kontaktirajte putem e-maila <a href=\"&#x6d;a&#x69;&#108;&#x74;&#111;&#x3a;&#x63;a&#x72;&#101;&#x65;&#114;&#x73;&#64;d&#x65;&#108;&#x74;&#112;&#x61;&#112;i&#x72;&#46;&#x63;&#111;&#x6d;\">&#x63;&#x61;&#x72;&#x65;&#x65;&#x72;&#x73;&#x40;&#x64;&#x65;&#x6c;&#x74;&#x70;&#x61;&#112;&#105;&#114;&#46;&#99;&#111;&#109;<\/a>.<\/p>\n<p>&nbsp;<\/p>\n","protected":false},"excerpt":{"rendered":"<p>Rad s nama DELT Papir dinami\u010dna je i brzorastu\u0107a tvrtka koja aktivno poti\u010de sve \u010dlanove tima da doprinesu rastu poslovanja na me\u0111unarodnoj razini. Uz to, nudimo cjelovita rje\u0161enja na\u0161im kupcima, stvaramo inovativne proizvode papirne konfekcije i asortimana higijenskih proizvoda kako bismo zadovoljili njihove trenutne i budu\u0107e potrebe. Uvijek smo u potrazi za talentiranim i motiviranim [&#8230;]<\/p>\n<p><a class=\"btn btn-secondary understrap-read-more-link\" href=\"https:\/\/deltpapir.com\/hr\/posao\/\">Read More&#8230;<span class=\"screen-reader-text\"> from Posao u DELT Papiru<\/span><\/a><\/p>\n","protected":false},"author":1,"featured_media":0,"parent":0,"menu_order":0,"comment_status":"closed","ping_status":"closed","template":"page-general.php","meta":{"_acf_changed":false,"footnotes":""},"class_list":["post-884","page","type-page","status-publish","hentry"],"acf":[],"aioseo_notices":[],"_links":{"self":[{"href":"https:\/\/deltpapir.com\/hr\/wp-json\/wp\/v2\/pages\/884","targetHints":{"allow":["GET"]}}],"collection":[{"href":"https:\/\/deltpapir.com\/hr\/wp-json\/wp\/v2\/pages"}],"about":[{"href":"https:\/\/deltpapir.com\/hr\/wp-json\/wp\/v2\/types\/page"}],"author":[{"embeddable":true,"href":"https:\/\/deltpapir.com\/hr\/wp-json\/wp\/v2\/users\/1"}],"replies":[{"embeddable":true,"href":"https:\/\/deltpapir.com\/hr\/wp-json\/wp\/v2\/comments?post=884"}],"version-history":[{"count":3,"href":"https:\/\/deltpapir.com\/hr\/wp-json\/wp\/v2\/pages\/884\/revisions"}],"predecessor-version":[{"id":1063,"href":"https:\/\/deltpapir.com\/hr\/wp-json\/wp\/v2\/pages\/884\/revisions\/1063"}],"wp:attachment":[{"href":"https:\/\/deltpapir.com\/hr\/wp-json\/wp\/v2\/media?parent=884"}],"curies":[{"name":"wp","href":"https:\/\/api.w.org\/{rel}","templated":true}]}}